{"id":1015,"date":"2023-02-02T11:44:24","date_gmt":"2023-02-02T11:44:24","guid":{"rendered":"https:\/\/hedone.pt\/packs\/"},"modified":"2023-09-25T16:01:41","modified_gmt":"2023-09-25T16:01:41","slug":"packs","status":"publish","type":"page","link":"https:\/\/hedone.pt\/pt-pt\/packs\/","title":{"rendered":"Packs"},"content":{"rendered":"<p>[et_pb_section fb_built=&#8221;1&#8243; _builder_version=&#8221;4.19.5&#8243; _module_preset=&#8221;default&#8221; background_color=&#8221;#260B0B&#8221; min_height=&#8221;353px&#8221; custom_padding=&#8221;||3px|||&#8221; global_colors_info=&#8221;{}&#8221;][et_pb_row column_structure=&#8221;1_2,1_2&#8243; _builder_version=&#8221;4.19.5&#8243; _module_preset=&#8221;default&#8221; hover_enabled=&#8221;0&#8243; global_colors_info=&#8221;{}&#8221; sticky_enabled=&#8221;0&#8243;][et_pb_column type=&#8221;1_2&#8243; _builder_version=&#8221;4.19.4&#8243; _module_preset=&#8221;default&#8221; global_colors_info=&#8221;{}&#8221;][et_pb_text _builder_version=&#8221;4.21.0&#8243; _module_preset=&#8221;default&#8221; custom_margin=&#8221;||10px|||&#8221; hover_enabled=&#8221;0&#8243; global_colors_info=&#8221;{}&#8221; sticky_enabled=&#8221;0&#8243;]<\/p>\n<h2>PACKS<\/h2>\n<p>[\/et_pb_text][et_pb_text _builder_version=&#8221;4.21.0&#8243; _module_preset=&#8221;default&#8221; hover_enabled=&#8221;0&#8243; global_colors_info=&#8221;{}&#8221; sticky_enabled=&#8221;0&#8243;]<\/p>\n<p>Se \u00e9 bom ficar numa propriedade Hedone, imagine ficar em duas ou mais nas mesmas f\u00e9rias! Gostaria de visitar os nossos im\u00f3veis e viver diferentes e excitantes experi\u00eancias numa s\u00f3 estadia?<\/p>\n<p>Temos v\u00e1rios pacotes que permitem aos nossos h\u00f3spedes reservar diversas propriedades Hedone a pre\u00e7os mais \u201chedon\u00edsticos\u201d.<\/p>\n<p>As nossas ofertas atuais:<\/p>\n<p>&nbsp;<\/p>\n<p>Golf pack: 3 noites em Troia + 3 noites em PDR (total de 6 noites, capacidade m\u00e1xima de 4 pessoas).<br \/>Inclui transfer de\/para aeroporto Lisboa, pequeno almo\u00e7o, \u00e1gua mineral, caf\u00e9 e ch\u00e1. <br \/>Pre\u00e7o \u201call-included\u201d:<br \/>\u20ac 2184 (Junho &amp; Setembro 23)<br \/>\u20ac 2432 (1-15 Julho &amp; 16-30 Setembro 23) <br \/>\u20ac 2646 (1-15 Setembro 23)<\/p>\n<p>[\/et_pb_text][\/et_pb_column][et_pb_column type=&#8221;1_2&#8243; _builder_version=&#8221;4.19.4&#8243; _module_preset=&#8221;default&#8221; global_colors_info=&#8221;{}&#8221;][\/et_pb_column][\/et_pb_row][\/et_pb_section]<\/p>\n","protected":false},"excerpt":{"rendered":"<p>PACKSSe \u00e9 bom ficar numa propriedade Hedone, imagine ficar em duas ou mais nas mesmas f\u00e9rias! Gostaria de visitar os nossos im\u00f3veis e viver diferentes e excitantes experi\u00eancias numa s\u00f3 estadia? Temos v\u00e1rios pacotes que permitem aos nossos h\u00f3spedes reservar diversas propriedades Hedone a pre\u00e7os mais \u201chedon\u00edsticos\u201d. As nossas ofertas atuais: &nbsp; Golf pack: 3 [&hellip;]<\/p>\n","protected":false},"author":3,"featured_media":1794,"parent":0,"menu_order":0,"comment_status":"closed","ping_status":"closed","template":"","meta":{"_et_pb_use_builder":"on","_et_pb_old_content":"","_et_gb_content_width":"","footnotes":""},"class_list":["post-1015","page","type-page","status-publish","has-post-thumbnail","hentry"],"yoast_head":"<!-- This site is optimized with the Yoast SEO plugin v26.2 - https:\/\/yoast.com\/wordpress\/plugins\/seo\/ -->\n<title>Packs - Hedone<\/title>\n<meta name=\"description\" content=\"Se \u00e9 bom ficar numa propriedade Hedone, imagine ficar em duas ou mais nas mesmas f\u00e9rias! Gostaria de visitar...\" \/>\n<meta name=\"robots\" content=\"index, follow, max-snippet:-1, max-image-preview:large, max-video-preview:-1\" \/>\n<link rel=\"canonical\" href=\"https:\/\/hedone.pt\/pt-pt\/packs\/\" \/>\n<meta property=\"og:locale\" content=\"pt_PT\" \/>\n<meta property=\"og:type\" content=\"article\" \/>\n<meta property=\"og:title\" content=\"Packs - Hedone\" \/>\n<meta property=\"og:description\" content=\"Se \u00e9 bom ficar numa propriedade Hedone, imagine ficar em duas ou mais nas mesmas f\u00e9rias! Gostaria de visitar...\" \/>\n<meta property=\"og:url\" content=\"https:\/\/hedone.pt\/pt-pt\/packs\/\" \/>\n<meta property=\"og:site_name\" content=\"Hedone\" \/>\n<meta property=\"article:publisher\" content=\"https:\/\/www.facebook.com\/profile.php?id=61551012387703\" \/>\n<meta property=\"article:modified_time\" content=\"2023-09-25T16:01:41+00:00\" \/>\n<meta property=\"og:image\" content=\"https:\/\/hedone.pt\/wp-content\/uploads\/2023\/07\/BG-H-05.jpg\" \/>\n\t<meta property=\"og:image:width\" content=\"1920\" \/>\n\t<meta property=\"og:image:height\" content=\"1080\" \/>\n\t<meta property=\"og:image:type\" content=\"image\/jpeg\" \/>\n<meta name=\"twitter:card\" content=\"summary_large_image\" \/>\n<meta name=\"twitter:label1\" content=\"Tempo estimado de leitura\" \/>\n\t<meta name=\"twitter:data1\" content=\"1 minuto\" \/>\n<script type=\"application\/ld+json\" class=\"yoast-schema-graph\">{\"@context\":\"https:\/\/schema.org\",\"@graph\":[{\"@type\":\"WebPage\",\"@id\":\"https:\/\/hedone.pt\/pt-pt\/packs\/\",\"url\":\"https:\/\/hedone.pt\/pt-pt\/packs\/\",\"name\":\"Packs - Hedone\",\"isPartOf\":{\"@id\":\"https:\/\/hedone.pt\/pt-pt\/#website\"},\"primaryImageOfPage\":{\"@id\":\"https:\/\/hedone.pt\/pt-pt\/packs\/#primaryimage\"},\"image\":{\"@id\":\"https:\/\/hedone.pt\/pt-pt\/packs\/#primaryimage\"},\"thumbnailUrl\":\"https:\/\/hedone.pt\/wp-content\/uploads\/2023\/07\/BG-H-05.jpg\",\"datePublished\":\"2023-02-02T11:44:24+00:00\",\"dateModified\":\"2023-09-25T16:01:41+00:00\",\"description\":\"Se \u00e9 bom ficar numa propriedade Hedone, imagine ficar em duas ou mais nas mesmas f\u00e9rias! Gostaria de visitar...\",\"breadcrumb\":{\"@id\":\"https:\/\/hedone.pt\/pt-pt\/packs\/#breadcrumb\"},\"inLanguage\":\"pt-PT\",\"potentialAction\":[{\"@type\":\"ReadAction\",\"target\":[\"https:\/\/hedone.pt\/pt-pt\/packs\/\"]}]},{\"@type\":\"ImageObject\",\"inLanguage\":\"pt-PT\",\"@id\":\"https:\/\/hedone.pt\/pt-pt\/packs\/#primaryimage\",\"url\":\"https:\/\/hedone.pt\/wp-content\/uploads\/2023\/07\/BG-H-05.jpg\",\"contentUrl\":\"https:\/\/hedone.pt\/wp-content\/uploads\/2023\/07\/BG-H-05.jpg\",\"width\":1920,\"height\":1080},{\"@type\":\"BreadcrumbList\",\"@id\":\"https:\/\/hedone.pt\/pt-pt\/packs\/#breadcrumb\",\"itemListElement\":[{\"@type\":\"ListItem\",\"position\":1,\"name\":\"Home\",\"item\":\"https:\/\/hedone.pt\/pt-pt\/\"},{\"@type\":\"ListItem\",\"position\":2,\"name\":\"Packs\"}]},{\"@type\":\"WebSite\",\"@id\":\"https:\/\/hedone.pt\/pt-pt\/#website\",\"url\":\"https:\/\/hedone.pt\/pt-pt\/\",\"name\":\"Hedone\",\"description\":\"Go everywhere but start here\",\"publisher\":{\"@id\":\"https:\/\/hedone.pt\/pt-pt\/#organization\"},\"potentialAction\":[{\"@type\":\"SearchAction\",\"target\":{\"@type\":\"EntryPoint\",\"urlTemplate\":\"https:\/\/hedone.pt\/pt-pt\/?s={search_term_string}\"},\"query-input\":{\"@type\":\"PropertyValueSpecification\",\"valueRequired\":true,\"valueName\":\"search_term_string\"}}],\"inLanguage\":\"pt-PT\"},{\"@type\":\"Organization\",\"@id\":\"https:\/\/hedone.pt\/pt-pt\/#organization\",\"name\":\"Hedone\",\"url\":\"https:\/\/hedone.pt\/pt-pt\/\",\"logo\":{\"@type\":\"ImageObject\",\"inLanguage\":\"pt-PT\",\"@id\":\"https:\/\/hedone.pt\/pt-pt\/#\/schema\/logo\/image\/\",\"url\":\"https:\/\/hedone.pt\/wp-content\/uploads\/2023\/01\/Hedone_Logotipo_SemFundo-e1674658481593.png\",\"contentUrl\":\"https:\/\/hedone.pt\/wp-content\/uploads\/2023\/01\/Hedone_Logotipo_SemFundo-e1674658481593.png\",\"width\":1175,\"height\":869,\"caption\":\"Hedone\"},\"image\":{\"@id\":\"https:\/\/hedone.pt\/pt-pt\/#\/schema\/logo\/image\/\"},\"sameAs\":[\"https:\/\/www.facebook.com\/profile.php?id=61551012387703\",\"https:\/\/www.instagram.com\/hedone_properties\/\",\"https:\/\/api.whatsapp.com\/send\/?phone=351929061490&text&type=phone_number&app_absent=0\"]}]}<\/script>\n<!-- \/ Yoast SEO plugin. -->","yoast_head_json":{"title":"Packs - Hedone","description":"Se \u00e9 bom ficar numa propriedade Hedone, imagine ficar em duas ou mais nas mesmas f\u00e9rias! Gostaria de visitar...","robots":{"index":"index","follow":"follow","max-snippet":"max-snippet:-1","max-image-preview":"max-image-preview:large","max-video-preview":"max-video-preview:-1"},"canonical":"https:\/\/hedone.pt\/pt-pt\/packs\/","og_locale":"pt_PT","og_type":"article","og_title":"Packs - Hedone","og_description":"Se \u00e9 bom ficar numa propriedade Hedone, imagine ficar em duas ou mais nas mesmas f\u00e9rias! Gostaria de visitar...","og_url":"https:\/\/hedone.pt\/pt-pt\/packs\/","og_site_name":"Hedone","article_publisher":"https:\/\/www.facebook.com\/profile.php?id=61551012387703","article_modified_time":"2023-09-25T16:01:41+00:00","og_image":[{"width":1920,"height":1080,"url":"https:\/\/hedone.pt\/wp-content\/uploads\/2023\/07\/BG-H-05.jpg","type":"image\/jpeg"}],"twitter_card":"summary_large_image","twitter_misc":{"Tempo estimado de leitura":"1 minuto"},"schema":{"@context":"https:\/\/schema.org","@graph":[{"@type":"WebPage","@id":"https:\/\/hedone.pt\/pt-pt\/packs\/","url":"https:\/\/hedone.pt\/pt-pt\/packs\/","name":"Packs - Hedone","isPartOf":{"@id":"https:\/\/hedone.pt\/pt-pt\/#website"},"primaryImageOfPage":{"@id":"https:\/\/hedone.pt\/pt-pt\/packs\/#primaryimage"},"image":{"@id":"https:\/\/hedone.pt\/pt-pt\/packs\/#primaryimage"},"thumbnailUrl":"https:\/\/hedone.pt\/wp-content\/uploads\/2023\/07\/BG-H-05.jpg","datePublished":"2023-02-02T11:44:24+00:00","dateModified":"2023-09-25T16:01:41+00:00","description":"Se \u00e9 bom ficar numa propriedade Hedone, imagine ficar em duas ou mais nas mesmas f\u00e9rias! Gostaria de visitar...","breadcrumb":{"@id":"https:\/\/hedone.pt\/pt-pt\/packs\/#breadcrumb"},"inLanguage":"pt-PT","potentialAction":[{"@type":"ReadAction","target":["https:\/\/hedone.pt\/pt-pt\/packs\/"]}]},{"@type":"ImageObject","inLanguage":"pt-PT","@id":"https:\/\/hedone.pt\/pt-pt\/packs\/#primaryimage","url":"https:\/\/hedone.pt\/wp-content\/uploads\/2023\/07\/BG-H-05.jpg","contentUrl":"https:\/\/hedone.pt\/wp-content\/uploads\/2023\/07\/BG-H-05.jpg","width":1920,"height":1080},{"@type":"BreadcrumbList","@id":"https:\/\/hedone.pt\/pt-pt\/packs\/#breadcrumb","itemListElement":[{"@type":"ListItem","position":1,"name":"Home","item":"https:\/\/hedone.pt\/pt-pt\/"},{"@type":"ListItem","position":2,"name":"Packs"}]},{"@type":"WebSite","@id":"https:\/\/hedone.pt\/pt-pt\/#website","url":"https:\/\/hedone.pt\/pt-pt\/","name":"Hedone","description":"Go everywhere but start here","publisher":{"@id":"https:\/\/hedone.pt\/pt-pt\/#organization"},"potentialAction":[{"@type":"SearchAction","target":{"@type":"EntryPoint","urlTemplate":"https:\/\/hedone.pt\/pt-pt\/?s={search_term_string}"},"query-input":{"@type":"PropertyValueSpecification","valueRequired":true,"valueName":"search_term_string"}}],"inLanguage":"pt-PT"},{"@type":"Organization","@id":"https:\/\/hedone.pt\/pt-pt\/#organization","name":"Hedone","url":"https:\/\/hedone.pt\/pt-pt\/","logo":{"@type":"ImageObject","inLanguage":"pt-PT","@id":"https:\/\/hedone.pt\/pt-pt\/#\/schema\/logo\/image\/","url":"https:\/\/hedone.pt\/wp-content\/uploads\/2023\/01\/Hedone_Logotipo_SemFundo-e1674658481593.png","contentUrl":"https:\/\/hedone.pt\/wp-content\/uploads\/2023\/01\/Hedone_Logotipo_SemFundo-e1674658481593.png","width":1175,"height":869,"caption":"Hedone"},"image":{"@id":"https:\/\/hedone.pt\/pt-pt\/#\/schema\/logo\/image\/"},"sameAs":["https:\/\/www.facebook.com\/profile.php?id=61551012387703","https:\/\/www.instagram.com\/hedone_properties\/","https:\/\/api.whatsapp.com\/send\/?phone=351929061490&text&type=phone_number&app_absent=0"]}]}},"_links":{"self":[{"href":"https:\/\/hedone.pt\/pt-pt\/wp-json\/wp\/v2\/pages\/1015","targetHints":{"allow":["GET"]}}],"collection":[{"href":"https:\/\/hedone.pt\/pt-pt\/wp-json\/wp\/v2\/pages"}],"about":[{"href":"https:\/\/hedone.pt\/pt-pt\/wp-json\/wp\/v2\/types\/page"}],"author":[{"embeddable":true,"href":"https:\/\/hedone.pt\/pt-pt\/wp-json\/wp\/v2\/users\/3"}],"replies":[{"embeddable":true,"href":"https:\/\/hedone.pt\/pt-pt\/wp-json\/wp\/v2\/comments?post=1015"}],"version-history":[{"count":22,"href":"https:\/\/hedone.pt\/pt-pt\/wp-json\/wp\/v2\/pages\/1015\/revisions"}],"predecessor-version":[{"id":2123,"href":"https:\/\/hedone.pt\/pt-pt\/wp-json\/wp\/v2\/pages\/1015\/revisions\/2123"}],"wp:featuredmedia":[{"embeddable":true,"href":"https:\/\/hedone.pt\/pt-pt\/wp-json\/wp\/v2\/media\/1794"}],"wp:attachment":[{"href":"https:\/\/hedone.pt\/pt-pt\/wp-json\/wp\/v2\/media?parent=1015"}],"curies":[{"name":"wp","href":"https:\/\/api.w.org\/{rel}","templated":true}]}}